{"id":34522,"date":"2026-01-27T14:31:45","date_gmt":"2026-01-27T13:31:45","guid":{"rendered":"https:\/\/tattoo-healer.com\/?page_id=34522"},"modified":"2026-02-02T21:39:52","modified_gmt":"2026-02-02T20:39:52","slug":"articles","status":"publish","type":"page","link":"https:\/\/tattoo-healer.com\/pl\/articles\/","title":{"rendered":"Artyku\u0142y"},"content":{"rendered":"<div data-elementor-type=\"wp-page\" data-elementor-id=\"34522\" class=\"elementor elementor-34522\">\n\t\t\t\t\t\t<section class=\"elementor-section elementor-top-section elementor-element elementor-element-86452b6 elementor-section-boxed elementor-section-height-default elementor-section-height-default sc_fly_static\" data-id=\"86452b6\" data-element_type=\"section\" data-e-type=\"section\">\n\t\t\t\t\t\t<div class=\"elementor-container elementor-column-gap-extended\">\n\t\t\t\t\t<div class=\"elementor-column elementor-col-100 elementor-top-column elementor-element elementor-element-59fc3b4 sc_content_align_inherit sc_layouts_column_icons_position_left sc_fly_static\" data-id=\"59fc3b4\" data-element_type=\"column\" data-e-type=\"column\">\n\t\t\t<div class=\"elementor-widget-wrap elementor-element-populated\">\n\t\t\t\t\t\t<div class=\"elementor-element elementor-element-e46ffff sc_style_default sc_fly_static elementor-widget elementor-widget-trx_sc_blogger\" data-id=\"e46ffff\" data-element_type=\"widget\" data-e-type=\"widget\" data-widget_type=\"trx_sc_blogger.default\">\n\t\t\t\t<div class=\"elementor-widget-container\">\n\t\t\t\t\t<div \t\tclass=\"sc_blogger sc_blogger_excerpt sc_blogger_excerpt_default sc_item_filters_tabs_none alignnone\" ><div class=\"sc_blogger_content sc_item_content sc_item_posts_container posts_container excerpt_wrap excerpt_2 columns_wrap columns_padding_bottom\" >\t\t<div class=\"column-1_2\">\r\n\t\t<article id=\"post-34368\" data-post-id=\"34368\"\r\n\tclass=\"post_item post_item_container post_layout_excerpt post_format_standard post-34368 post type-post status-publish format-standard has-post-thumbnail hentry category-tattoo-healer\">\r\n\t<div class=\"post_featured with_thumb hover_link\"><img fetchpriority=\"high\" decoding=\"async\" width=\"1290\" height=\"725\" src=\"https:\/\/tattoo-healer.com\/wp-content\/uploads\/2025\/09\/ARTICLE-2-THUBNAIL-1290x725.jpg\" class=\"attachment-softic-thumb-huge size-softic-thumb-huge wp-post-image\" alt=\"\" srcset=\"https:\/\/tattoo-healer.com\/wp-content\/uploads\/2025\/09\/ARTICLE-2-THUBNAIL-1290x725.jpg 1290w, https:\/\/tattoo-healer.com\/wp-content\/uploads\/2025\/09\/ARTICLE-2-THUBNAIL-840x473.jpg 840w, https:\/\/tattoo-healer.com\/wp-content\/uploads\/2025\/09\/ARTICLE-2-THUBNAIL-410x230.jpg 410w, https:\/\/tattoo-healer.com\/wp-content\/uploads\/2025\/09\/ARTICLE-2-THUBNAIL-270x152.jpg 270w\" sizes=\"(max-width: 1290px) 100vw, 1290px\" \/>\t\t\t\t\t\t<div class=\"mask\"><\/div>\n\t\t\t\t\t\t\t\t\t<a href=\"https:\/\/tattoo-healer.com\/pl\/tattoo-longevity-checklist\/\"  aria-hidden=\"true\" class=\"link\"><\/a>\r\n\t\t\t<\/div>\t\t<div class=\"post_header entry-header\">\r\n\t\t\t<h3 class=\"post_title entry-title\"><a href=\"https:\/\/tattoo-healer.com\/pl\/tattoo-longevity-checklist\/\" rel=\"bookmark\">Jak zachowa\u0107 \u017cywy wygl\u0105d tatua\u017cu przez lata<\/a><\/h3>\t\t<\/div><!-- .post_header -->\r\n\t\t\t\t<div class=\"post_content entry-content\">\r\n\t\t\t<div class=\"post_meta\"><span class=\"post_meta_item post_date\"><a href=\"https:\/\/tattoo-healer.com\/pl\/tattoo-longevity-checklist\/\">29\/03\/2026<\/a><\/span><span class=\"post_meta_item post_share\"><span class=\"socials_share socials_size_tiny socials_type_drop socials_dir_horizontal\"><a href=\"#\" role=\"button\" class=\"socials_caption\"><span class=\"socials_caption_label\">Share<\/span><\/a><span class=\"social_items\"><a class=\"social_item social_item_popup\" href=\"\/\/twitter.com\/intent\/tweet?text=How+to+Keep+Your+Tattoo+Looking+Vibrant+for+Years&#038;url=https%3A%2F%2Ftattoo-healer.com%2Fpl%2Ftattoo-longevity-checklist%2F\" data-link=\"\/\/twitter.com\/intent\/tweet?text=How to Keep Your Tattoo Looking Vibrant for Years&amp;url=https%3A%2F%2Ftattoo-healer.com%2Fpl%2Ftattoo-longevity-checklist%2F\" data-count=\"twitter-new\"><span class=\"social_icon social_icon_twitter-new sc_icon_type_icons\" style=\"\"><span class=\"screen-reader-text\">Twitter-nowy<\/span><span class=\"icon-twitter-new\"><\/span><i>Twitter-nowy<\/i><\/span><\/a><a class=\"social_item social_item_popup\" href=\"\/\/www.facebook.com\/sharer\/sharer.php?u=https%3A%2F%2Ftattoo-healer.com%2Fpl%2Ftattoo-longevity-checklist%2F\" data-link=\"\/\/www.facebook.com\/sharer\/sharer.php?u=https%3A%2F%2Ftattoo-healer.com%2Fpl%2Ftattoo-longevity-checklist%2F\" data-count=\"facebook-1\"><span class=\"social_icon social_icon_facebook-1 sc_icon_type_icons\" style=\"\"><span class=\"screen-reader-text\">Facebook<\/span><span class=\"icon-facebook-1\"><\/span><i>Facebook<\/i><\/span><\/a><a class=\"social_item\" href=\"mailto:test@fwe.com?subject=How%20to%20Keep%20Your%20Tattoo%20Looking%20Vibrant%20for%20Years&#038;body=https%3A%2F%2Ftattoo-healer.com%2Fpl%2Ftattoo-longevity-checklist%2F\" target=\"_blank\" data-count=\"share-email\"><span class=\"social_icon social_icon_share-email sc_icon_type_icons\" style=\"\"><span class=\"screen-reader-text\">Udost\u0119pnij-e-mail<\/span><span class=\"icon-share-email\"><\/span><i>Udost\u0119pnij-e-mail<\/i><\/span><\/a><a class=\"social_item\" title=\"Kopiuj adres URL do schowka\" data-message=\"Copied!\" data-copy-link-url=\"https:\/\/tattoo-healer.com\/pl\/tattoo-longevity-checklist\/\" nopopup=\"true\" href=\"#\" role=\"button\" target=\"_blank\" data-count=\"link\"><span class=\"social_icon social_icon_link sc_icon_type_icons\" style=\"\"><span class=\"screen-reader-text\">Kopiuj adres URL do schowka<\/span><span class=\"icon-link\"><\/span><i>Po\u0142\u0105czy\u0107<\/i><\/span><\/a><\/span><\/span><\/span><\/div><div class=\"post_content_inner\">First,\u00a0let\u2019s\u00a0set the standard. Always follow your artist\u2019s instructions.\u00a0 Not only during the first few days of healing, but long after your appointment. Every tattoo heals differently. Placement, skin type, climate,&hellip;<\/div><p><a class=\"post-more-link\" href=\"https:\/\/tattoo-healer.com\/pl\/tattoo-longevity-checklist\/\"><span class=\"link-text\">Przeczytaj wi\u0119cej<\/span><span class=\"more-link-icon\"><\/span><\/a><\/p>\t\t<\/div><!-- .entry-content -->\r\n\t\t<\/article>\r\n\t\t<\/div>\r\n\t\t\t\t<div class=\"column-1_2\">\r\n\t\t<article id=\"post-34367\" data-post-id=\"34367\"\r\n\tclass=\"post_item post_item_container post_layout_excerpt post_format_standard post-34367 post type-post status-publish format-standard has-post-thumbnail hentry category-tattoo-healer\">\r\n\t<div class=\"post_featured with_thumb hover_link\"><img decoding=\"async\" width=\"1290\" height=\"725\" src=\"https:\/\/tattoo-healer.com\/wp-content\/uploads\/2025\/09\/ARTICLE-1-THUMBNAIL-1290x725.jpg\" class=\"attachment-softic-thumb-huge size-softic-thumb-huge wp-post-image\" alt=\"\" srcset=\"https:\/\/tattoo-healer.com\/wp-content\/uploads\/2025\/09\/ARTICLE-1-THUMBNAIL-1290x725.jpg 1290w, https:\/\/tattoo-healer.com\/wp-content\/uploads\/2025\/09\/ARTICLE-1-THUMBNAIL-300x169.jpg 300w, https:\/\/tattoo-healer.com\/wp-content\/uploads\/2025\/09\/ARTICLE-1-THUMBNAIL-1024x576.jpg 1024w, https:\/\/tattoo-healer.com\/wp-content\/uploads\/2025\/09\/ARTICLE-1-THUMBNAIL-768x432.jpg 768w, https:\/\/tattoo-healer.com\/wp-content\/uploads\/2025\/09\/ARTICLE-1-THUMBNAIL-1536x864.jpg 1536w, https:\/\/tattoo-healer.com\/wp-content\/uploads\/2025\/09\/ARTICLE-1-THUMBNAIL-370x208.jpg 370w, https:\/\/tattoo-healer.com\/wp-content\/uploads\/2025\/09\/ARTICLE-1-THUMBNAIL-840x473.jpg 840w, https:\/\/tattoo-healer.com\/wp-content\/uploads\/2025\/09\/ARTICLE-1-THUMBNAIL-410x231.jpg 410w, https:\/\/tattoo-healer.com\/wp-content\/uploads\/2025\/09\/ARTICLE-1-THUMBNAIL-270x152.jpg 270w, https:\/\/tattoo-healer.com\/wp-content\/uploads\/2025\/09\/ARTICLE-1-THUMBNAIL.jpg 2048w\" sizes=\"(max-width: 1290px) 100vw, 1290px\" \/>\t\t\t\t\t\t<div class=\"mask\"><\/div>\n\t\t\t\t\t\t\t\t\t<a href=\"https:\/\/tattoo-healer.com\/pl\/your-checklist-before-your-tattoo-appointment\/\"  aria-hidden=\"true\" class=\"link\"><\/a>\r\n\t\t\t<\/div>\t\t<div class=\"post_header entry-header\">\r\n\t\t\t<h3 class=\"post_title entry-title\"><a href=\"https:\/\/tattoo-healer.com\/pl\/your-checklist-before-your-tattoo-appointment\/\" rel=\"bookmark\">Co zrobi\u0107 przed zrobieniem tatua\u017cu: protok\u00f3\u0142 przygotowawczy<\/a><\/h3>\t\t<\/div><!-- .post_header -->\r\n\t\t\t\t<div class=\"post_content entry-content\">\r\n\t\t\t<div class=\"post_meta\"><span class=\"post_meta_item post_date\"><a href=\"https:\/\/tattoo-healer.com\/pl\/your-checklist-before-your-tattoo-appointment\/\">26\/02\/2026<\/a><\/span><span class=\"post_meta_item post_share\"><span class=\"socials_share socials_size_tiny socials_type_drop socials_dir_horizontal\"><a href=\"#\" role=\"button\" class=\"socials_caption\"><span class=\"socials_caption_label\">Share<\/span><\/a><span class=\"social_items\"><a class=\"social_item social_item_popup\" href=\"\/\/twitter.com\/intent\/tweet?text=What+to+Do+Before+Getting+a+Tattoo%3A+Preparation+Protocol&#038;url=https%3A%2F%2Ftattoo-healer.com%2Fpl%2Fyour-checklist-before-your-tattoo-appointment%2F\" data-link=\"\/\/twitter.com\/intent\/tweet?text=What to Do Before Getting a Tattoo: Preparation Protocol&amp;url=https%3A%2F%2Ftattoo-healer.com%2Fpl%2Fyour-checklist-before-your-tattoo-appointment%2F\" data-count=\"twitter-new\"><span class=\"social_icon social_icon_twitter-new sc_icon_type_icons\" style=\"\"><span class=\"screen-reader-text\">Twitter-nowy<\/span><span class=\"icon-twitter-new\"><\/span><i>Twitter-nowy<\/i><\/span><\/a><a class=\"social_item social_item_popup\" href=\"\/\/www.facebook.com\/sharer\/sharer.php?u=https%3A%2F%2Ftattoo-healer.com%2Fpl%2Fyour-checklist-before-your-tattoo-appointment%2F\" data-link=\"\/\/www.facebook.com\/sharer\/sharer.php?u=https%3A%2F%2Ftattoo-healer.com%2Fpl%2Fyour-checklist-before-your-tattoo-appointment%2F\" data-count=\"facebook-1\"><span class=\"social_icon social_icon_facebook-1 sc_icon_type_icons\" style=\"\"><span class=\"screen-reader-text\">Facebook<\/span><span class=\"icon-facebook-1\"><\/span><i>Facebook<\/i><\/span><\/a><a class=\"social_item\" href=\"mailto:test@fwe.com?subject=What%20to%20Do%20Before%20Getting%20a%20Tattoo:%20Preparation%20Protocol&#038;body=https%3A%2F%2Ftattoo-healer.com%2Fpl%2Fyour-checklist-before-your-tattoo-appointment%2F\" target=\"_blank\" data-count=\"share-email\"><span class=\"social_icon social_icon_share-email sc_icon_type_icons\" style=\"\"><span class=\"screen-reader-text\">Udost\u0119pnij-e-mail<\/span><span class=\"icon-share-email\"><\/span><i>Udost\u0119pnij-e-mail<\/i><\/span><\/a><a class=\"social_item\" title=\"Kopiuj adres URL do schowka\" data-message=\"Copied!\" data-copy-link-url=\"https:\/\/tattoo-healer.com\/pl\/your-checklist-before-your-tattoo-appointment\/\" nopopup=\"true\" href=\"#\" role=\"button\" target=\"_blank\" data-count=\"link\"><span class=\"social_icon social_icon_link sc_icon_type_icons\" style=\"\"><span class=\"screen-reader-text\">Kopiuj adres URL do schowka<\/span><span class=\"icon-link\"><\/span><i>Po\u0142\u0105czy\u0107<\/i><\/span><\/a><\/span><\/span><\/span><\/div><div class=\"post_content_inner\">Po pierwsze, postawmy spraw\u0119 jasno. Zawsze post\u0119puj zgodnie z instrukcjami swojego artysty. Nie tylko podczas piel\u0119gnacji po sesji, ale r\u00f3wnie\u017c przed ni\u0105. Ten poradnik opiera si\u0119 na rzeczywistych schematach i do\u015bwiadczeniu. Jest tutaj\u2026<\/div><p><a class=\"post-more-link\" href=\"https:\/\/tattoo-healer.com\/pl\/your-checklist-before-your-tattoo-appointment\/\"><span class=\"link-text\">Przeczytaj wi\u0119cej<\/span><span class=\"more-link-icon\"><\/span><\/a><\/p>\t\t<\/div><!-- .entry-content -->\r\n\t\t<\/article>\r\n\t\t<\/div>\r\n\t\t\t\t<div class=\"column-1_2\">\r\n\t\t<article id=\"post-34369\" data-post-id=\"34369\"\r\n\tclass=\"post_item post_item_container post_layout_excerpt post_format_standard post-34369 post type-post status-publish format-standard has-post-thumbnail hentry category-tattoo-healer\">\r\n\t<div class=\"post_featured with_thumb hover_link\"><img decoding=\"async\" width=\"1290\" height=\"725\" src=\"https:\/\/tattoo-healer.com\/wp-content\/uploads\/2025\/09\/ARTICLE-3-THUBNAIL-1290x725.jpg\" class=\"attachment-softic-thumb-huge size-softic-thumb-huge wp-post-image\" alt=\"\" srcset=\"https:\/\/tattoo-healer.com\/wp-content\/uploads\/2025\/09\/ARTICLE-3-THUBNAIL-1290x725.jpg 1290w, https:\/\/tattoo-healer.com\/wp-content\/uploads\/2025\/09\/ARTICLE-3-THUBNAIL-300x169.jpg 300w, https:\/\/tattoo-healer.com\/wp-content\/uploads\/2025\/09\/ARTICLE-3-THUBNAIL-1024x576.jpg 1024w, https:\/\/tattoo-healer.com\/wp-content\/uploads\/2025\/09\/ARTICLE-3-THUBNAIL-768x432.jpg 768w, https:\/\/tattoo-healer.com\/wp-content\/uploads\/2025\/09\/ARTICLE-3-THUBNAIL-1536x864.jpg 1536w, https:\/\/tattoo-healer.com\/wp-content\/uploads\/2025\/09\/ARTICLE-3-THUBNAIL-370x208.jpg 370w, https:\/\/tattoo-healer.com\/wp-content\/uploads\/2025\/09\/ARTICLE-3-THUBNAIL-840x473.jpg 840w, https:\/\/tattoo-healer.com\/wp-content\/uploads\/2025\/09\/ARTICLE-3-THUBNAIL-410x231.jpg 410w, https:\/\/tattoo-healer.com\/wp-content\/uploads\/2025\/09\/ARTICLE-3-THUBNAIL-270x152.jpg 270w, https:\/\/tattoo-healer.com\/wp-content\/uploads\/2025\/09\/ARTICLE-3-THUBNAIL.jpg 2048w\" sizes=\"(max-width: 1290px) 100vw, 1290px\" \/>\t\t\t\t\t\t<div class=\"mask\"><\/div>\n\t\t\t\t\t\t\t\t\t<a href=\"https:\/\/tattoo-healer.com\/pl\/what-is-a-tattoo\/\"  aria-hidden=\"true\" class=\"link\"><\/a>\r\n\t\t\t<\/div>\t\t<div class=\"post_header entry-header\">\r\n\t\t\t<h3 class=\"post_title entry-title\"><a href=\"https:\/\/tattoo-healer.com\/pl\/what-is-a-tattoo\/\" rel=\"bookmark\">Czym jest tatua\u017c?<\/a><\/h3>\t\t<\/div><!-- .post_header -->\r\n\t\t\t\t<div class=\"post_content entry-content\">\r\n\t\t\t<div class=\"post_meta\"><span class=\"post_meta_item post_date\"><a href=\"https:\/\/tattoo-healer.com\/pl\/what-is-a-tattoo\/\">08\/02\/2026<\/a><\/span><span class=\"post_meta_item post_share\"><span class=\"socials_share socials_size_tiny socials_type_drop socials_dir_horizontal\"><a href=\"#\" role=\"button\" class=\"socials_caption\"><span class=\"socials_caption_label\">Share<\/span><\/a><span class=\"social_items\"><a class=\"social_item social_item_popup\" href=\"\/\/twitter.com\/intent\/tweet?text=What+is+a+Tattoo%3F&#038;url=https%3A%2F%2Ftattoo-healer.com%2Fpl%2Fwhat-is-a-tattoo%2F\" data-link=\"\/\/twitter.com\/intent\/tweet?text=What is a Tattoo?&amp;url=https%3A%2F%2Ftattoo-healer.com%2Fpl%2Fwhat-is-a-tattoo%2F\" data-count=\"twitter-new\"><span class=\"social_icon social_icon_twitter-new sc_icon_type_icons\" style=\"\"><span class=\"screen-reader-text\">Twitter-nowy<\/span><span class=\"icon-twitter-new\"><\/span><i>Twitter-nowy<\/i><\/span><\/a><a class=\"social_item social_item_popup\" href=\"\/\/www.facebook.com\/sharer\/sharer.php?u=https%3A%2F%2Ftattoo-healer.com%2Fpl%2Fwhat-is-a-tattoo%2F\" data-link=\"\/\/www.facebook.com\/sharer\/sharer.php?u=https%3A%2F%2Ftattoo-healer.com%2Fpl%2Fwhat-is-a-tattoo%2F\" data-count=\"facebook-1\"><span class=\"social_icon social_icon_facebook-1 sc_icon_type_icons\" style=\"\"><span class=\"screen-reader-text\">Facebook<\/span><span class=\"icon-facebook-1\"><\/span><i>Facebook<\/i><\/span><\/a><a class=\"social_item\" href=\"mailto:test@fwe.com?subject=What%20is%20a%20Tattoo?&#038;body=https%3A%2F%2Ftattoo-healer.com%2Fpl%2Fwhat-is-a-tattoo%2F\" target=\"_blank\" data-count=\"share-email\"><span class=\"social_icon social_icon_share-email sc_icon_type_icons\" style=\"\"><span class=\"screen-reader-text\">Udost\u0119pnij-e-mail<\/span><span class=\"icon-share-email\"><\/span><i>Udost\u0119pnij-e-mail<\/i><\/span><\/a><a class=\"social_item\" title=\"Kopiuj adres URL do schowka\" data-message=\"Copied!\" data-copy-link-url=\"https:\/\/tattoo-healer.com\/pl\/what-is-a-tattoo\/\" nopopup=\"true\" href=\"#\" role=\"button\" target=\"_blank\" data-count=\"link\"><span class=\"social_icon social_icon_link sc_icon_type_icons\" style=\"\"><span class=\"screen-reader-text\">Kopiuj adres URL do schowka<\/span><span class=\"icon-link\"><\/span><i>Po\u0142\u0105czy\u0107<\/i><\/span><\/a><\/span><\/span><\/span><\/div><div class=\"post_content_inner\">Tatua\u017c to trwa\u0142a forma modyfikacji cia\u0142a, polegaj\u0105ca na wstrzykni\u0119ciu nieusuwalnego tuszu, barwnik\u00f3w i pigment\u00f3w do sk\u00f3ry w\u0142a\u015bciwej, czyli drugiej warstwy sk\u00f3ry, w celu zmiany jej pigmentu. W przeciwie\u0144stwie do\u2026<\/div><p><a class=\"post-more-link\" href=\"https:\/\/tattoo-healer.com\/pl\/what-is-a-tattoo\/\"><span class=\"link-text\">Przeczytaj wi\u0119cej<\/span><span class=\"more-link-icon\"><\/span><\/a><\/p>\t\t<\/div><!-- .entry-content -->\r\n\t\t<\/article>\r\n\t\t<\/div>\r\n\t\t<\/div><\/div>\t\t\t\t<\/div>\n\t\t\t\t<\/div>\n\t\t\t\t\t<\/div>\n\t\t<\/div>\n\t\t\t\t\t<\/div>\n\t\t<\/section>\n\t\t\t\t<\/div>","protected":false},"excerpt":{"rendered":"<p>What is a Tattoo? 15\/09\/2025ShareTwitter-newTwitter-newFacebookFacebookShare-emailShare-emailCopy URL to clipboardLinkTattooing is an ancient art form with a rich and varied history going back thousands of years and diverse cultures worldwide.&nbsp;Evidence of tattooing&hellip;<\/p>","protected":false},"author":1,"featured_media":0,"parent":0,"menu_order":0,"comment_status":"closed","ping_status":"closed","template":"","meta":{"_monsterinsights_skip_tracking":false,"_monsterinsights_sitenote_active":false,"_monsterinsights_sitenote_note":"","_monsterinsights_sitenote_category":0,"footnotes":""},"class_list":["post-34522","page","type-page","status-publish","hentry"],"yoast_head":"<!-- This site is optimized with the Yoast SEO plugin v27.5 - https:\/\/yoast.com\/product\/yoast-seo-wordpress\/ -->\n<title>Tattoo Aftercare Tips, Guides &amp; Expert Insights | Tattoo Healer<\/title>\n<meta name=\"description\" content=\"Explore professional guides on tattoo longevity, appointment preparation, &amp; healing science. Expert advice curated by Tattoo Healer to help you protect your ink for life.\" \/>\n<meta name=\"robots\" content=\"index, follow, max-snippet:-1, max-image-preview:large, max-video-preview:-1\" \/>\n<link rel=\"canonical\" href=\"https:\/\/tattoo-healer.com\/pl\/articles\/\" \/>\n<meta property=\"og:locale\" content=\"pl_PL\" \/>\n<meta property=\"og:type\" content=\"article\" \/>\n<meta property=\"og:title\" content=\"Tattoo Aftercare Tips, Guides &amp; Expert Insights | Tattoo Healer\" \/>\n<meta property=\"og:description\" content=\"Explore professional guides on tattoo longevity, appointment preparation, &amp; healing science. Expert advice curated by Tattoo Healer to help you protect your ink for life.\" \/>\n<meta property=\"og:url\" content=\"https:\/\/tattoo-healer.com\/pl\/articles\/\" \/>\n<meta property=\"og:site_name\" content=\"Tattoo Healer\" \/>\n<meta property=\"article:modified_time\" content=\"2026-02-02T20:39:52+00:00\" \/>\n<meta property=\"og:image\" content=\"https:\/\/tattoo-healer.com\/wp-content\/uploads\/2025\/09\/ARTICLE-3-THUBNAIL-1290x725.jpg\" \/>\n<meta name=\"twitter:card\" content=\"summary_large_image\" \/>\n<meta name=\"twitter:label1\" content=\"Est. reading time\" \/>\n\t<meta name=\"twitter:data1\" content=\"2 minuty\" \/>\n<script type=\"application\/ld+json\" class=\"yoast-schema-graph\">{\"@context\":\"https:\\\/\\\/schema.org\",\"@graph\":[{\"@type\":\"WebPage\",\"@id\":\"https:\\\/\\\/tattoo-healer.com\\\/articles\\\/\",\"url\":\"https:\\\/\\\/tattoo-healer.com\\\/articles\\\/\",\"name\":\"Tattoo Aftercare Tips, Guides & Expert Insights | Tattoo Healer\",\"isPartOf\":{\"@id\":\"https:\\\/\\\/tattoo-healer.com\\\/#website\"},\"primaryImageOfPage\":{\"@id\":\"https:\\\/\\\/tattoo-healer.com\\\/articles\\\/#primaryimage\"},\"image\":{\"@id\":\"https:\\\/\\\/tattoo-healer.com\\\/articles\\\/#primaryimage\"},\"thumbnailUrl\":\"https:\\\/\\\/tattoo-healer.com\\\/wp-content\\\/uploads\\\/2025\\\/09\\\/ARTICLE-3-THUBNAIL-1290x725.jpg\",\"datePublished\":\"2026-01-27T13:31:45+00:00\",\"dateModified\":\"2026-02-02T20:39:52+00:00\",\"description\":\"Explore professional guides on tattoo longevity, appointment preparation, & healing science. Expert advice curated by Tattoo Healer to help you protect your ink for life.\",\"breadcrumb\":{\"@id\":\"https:\\\/\\\/tattoo-healer.com\\\/articles\\\/#breadcrumb\"},\"inLanguage\":\"pl-PL\",\"potentialAction\":[{\"@type\":\"ReadAction\",\"target\":[\"https:\\\/\\\/tattoo-healer.com\\\/articles\\\/\"]}]},{\"@type\":\"ImageObject\",\"inLanguage\":\"pl-PL\",\"@id\":\"https:\\\/\\\/tattoo-healer.com\\\/articles\\\/#primaryimage\",\"url\":\"https:\\\/\\\/tattoo-healer.com\\\/wp-content\\\/uploads\\\/2025\\\/09\\\/ARTICLE-3-THUBNAIL-1290x725.jpg\",\"contentUrl\":\"https:\\\/\\\/tattoo-healer.com\\\/wp-content\\\/uploads\\\/2025\\\/09\\\/ARTICLE-3-THUBNAIL-1290x725.jpg\"},{\"@type\":\"BreadcrumbList\",\"@id\":\"https:\\\/\\\/tattoo-healer.com\\\/articles\\\/#breadcrumb\",\"itemListElement\":[{\"@type\":\"ListItem\",\"position\":1,\"name\":\"Home\",\"item\":\"https:\\\/\\\/tattoo-healer.com\\\/\"},{\"@type\":\"ListItem\",\"position\":2,\"name\":\"Articles\"}]},{\"@type\":\"WebSite\",\"@id\":\"https:\\\/\\\/tattoo-healer.com\\\/#website\",\"url\":\"https:\\\/\\\/tattoo-healer.com\\\/\",\"name\":\"Tattoo Healer\",\"description\":\"Your Artist, Always with You\",\"publisher\":{\"@id\":\"https:\\\/\\\/tattoo-healer.com\\\/#organization\"},\"potentialAction\":[{\"@type\":\"SearchAction\",\"target\":{\"@type\":\"EntryPoint\",\"urlTemplate\":\"https:\\\/\\\/tattoo-healer.com\\\/?s={search_term_string}\"},\"query-input\":{\"@type\":\"PropertyValueSpecification\",\"valueRequired\":true,\"valueName\":\"search_term_string\"}}],\"inLanguage\":\"pl-PL\"},{\"@type\":\"Organization\",\"@id\":\"https:\\\/\\\/tattoo-healer.com\\\/#organization\",\"name\":\"Tattoo Healer\",\"url\":\"https:\\\/\\\/tattoo-healer.com\\\/\",\"logo\":{\"@type\":\"ImageObject\",\"inLanguage\":\"pl-PL\",\"@id\":\"https:\\\/\\\/tattoo-healer.com\\\/#\\\/schema\\\/logo\\\/image\\\/\",\"url\":\"https:\\\/\\\/tattoo-healer.com\\\/wp-content\\\/uploads\\\/2022\\\/06\\\/logo-black-transparent-512-2.png\",\"contentUrl\":\"https:\\\/\\\/tattoo-healer.com\\\/wp-content\\\/uploads\\\/2022\\\/06\\\/logo-black-transparent-512-2.png\",\"width\":500,\"height\":500,\"caption\":\"Tattoo Healer\"},\"image\":{\"@id\":\"https:\\\/\\\/tattoo-healer.com\\\/#\\\/schema\\\/logo\\\/image\\\/\"}}]}<\/script>\n<!-- \/ Yoast SEO plugin. -->","yoast_head_json":{"title":"Porady dotycz\u0105ce piel\u0119gnacji tatua\u017cu, poradniki i opinie ekspert\u00f3w | Tattoo Healer","description":"Zapoznaj si\u0119 z profesjonalnymi poradnikami na temat trwa\u0142o\u015bci tatua\u017cu, przygotowania do wizyt i nauki gojenia. Porady ekspert\u00f3w zebrane przez Tattoo Healer pomog\u0105 Ci chroni\u0107 tatua\u017c przez ca\u0142e \u017cycie.","robots":{"index":"index","follow":"follow","max-snippet":"max-snippet:-1","max-image-preview":"max-image-preview:large","max-video-preview":"max-video-preview:-1"},"canonical":"https:\/\/tattoo-healer.com\/pl\/articles\/","og_locale":"pl_PL","og_type":"article","og_title":"Tattoo Aftercare Tips, Guides & Expert Insights | Tattoo Healer","og_description":"Explore professional guides on tattoo longevity, appointment preparation, & healing science. Expert advice curated by Tattoo Healer to help you protect your ink for life.","og_url":"https:\/\/tattoo-healer.com\/pl\/articles\/","og_site_name":"Tattoo Healer","article_modified_time":"2026-02-02T20:39:52+00:00","og_image":[{"url":"https:\/\/tattoo-healer.com\/wp-content\/uploads\/2025\/09\/ARTICLE-3-THUBNAIL-1290x725.jpg","type":"","width":"","height":""}],"twitter_card":"summary_large_image","twitter_misc":{"Est. reading time":"2 minuty"},"schema":{"@context":"https:\/\/schema.org","@graph":[{"@type":"WebPage","@id":"https:\/\/tattoo-healer.com\/articles\/","url":"https:\/\/tattoo-healer.com\/articles\/","name":"Porady dotycz\u0105ce piel\u0119gnacji tatua\u017cu, poradniki i opinie ekspert\u00f3w | Tattoo Healer","isPartOf":{"@id":"https:\/\/tattoo-healer.com\/#website"},"primaryImageOfPage":{"@id":"https:\/\/tattoo-healer.com\/articles\/#primaryimage"},"image":{"@id":"https:\/\/tattoo-healer.com\/articles\/#primaryimage"},"thumbnailUrl":"https:\/\/tattoo-healer.com\/wp-content\/uploads\/2025\/09\/ARTICLE-3-THUBNAIL-1290x725.jpg","datePublished":"2026-01-27T13:31:45+00:00","dateModified":"2026-02-02T20:39:52+00:00","description":"Zapoznaj si\u0119 z profesjonalnymi poradnikami na temat trwa\u0142o\u015bci tatua\u017cu, przygotowania do wizyt i nauki gojenia. Porady ekspert\u00f3w zebrane przez Tattoo Healer pomog\u0105 Ci chroni\u0107 tatua\u017c przez ca\u0142e \u017cycie.","breadcrumb":{"@id":"https:\/\/tattoo-healer.com\/articles\/#breadcrumb"},"inLanguage":"pl-PL","potentialAction":[{"@type":"ReadAction","target":["https:\/\/tattoo-healer.com\/articles\/"]}]},{"@type":"ImageObject","inLanguage":"pl-PL","@id":"https:\/\/tattoo-healer.com\/articles\/#primaryimage","url":"https:\/\/tattoo-healer.com\/wp-content\/uploads\/2025\/09\/ARTICLE-3-THUBNAIL-1290x725.jpg","contentUrl":"https:\/\/tattoo-healer.com\/wp-content\/uploads\/2025\/09\/ARTICLE-3-THUBNAIL-1290x725.jpg"},{"@type":"BreadcrumbList","@id":"https:\/\/tattoo-healer.com\/articles\/#breadcrumb","itemListElement":[{"@type":"ListItem","position":1,"name":"Home","item":"https:\/\/tattoo-healer.com\/"},{"@type":"ListItem","position":2,"name":"Articles"}]},{"@type":"WebSite","@id":"https:\/\/tattoo-healer.com\/#website","url":"https:\/\/tattoo-healer.com\/","name":"Uzdrawiacz tatua\u017cy","description":"Tw\u00f3j Artysta, Zawsze z Tob\u0105","publisher":{"@id":"https:\/\/tattoo-healer.com\/#organization"},"potentialAction":[{"@type":"SearchAction","target":{"@type":"EntryPoint","urlTemplate":"https:\/\/tattoo-healer.com\/?s={search_term_string}"},"query-input":{"@type":"PropertyValueSpecification","valueRequired":true,"valueName":"search_term_string"}}],"inLanguage":"pl-PL"},{"@type":"Organization","@id":"https:\/\/tattoo-healer.com\/#organization","name":"Uzdrawiacz tatua\u017cy","url":"https:\/\/tattoo-healer.com\/","logo":{"@type":"ImageObject","inLanguage":"pl-PL","@id":"https:\/\/tattoo-healer.com\/#\/schema\/logo\/image\/","url":"https:\/\/tattoo-healer.com\/wp-content\/uploads\/2022\/06\/logo-black-transparent-512-2.png","contentUrl":"https:\/\/tattoo-healer.com\/wp-content\/uploads\/2022\/06\/logo-black-transparent-512-2.png","width":500,"height":500,"caption":"Tattoo Healer"},"image":{"@id":"https:\/\/tattoo-healer.com\/#\/schema\/logo\/image\/"}}]}},"_links":{"self":[{"href":"https:\/\/tattoo-healer.com\/pl\/wp-json\/wp\/v2\/pages\/34522","targetHints":{"allow":["GET"]}}],"collection":[{"href":"https:\/\/tattoo-healer.com\/pl\/wp-json\/wp\/v2\/pages"}],"about":[{"href":"https:\/\/tattoo-healer.com\/pl\/wp-json\/wp\/v2\/types\/page"}],"author":[{"embeddable":true,"href":"https:\/\/tattoo-healer.com\/pl\/wp-json\/wp\/v2\/users\/1"}],"replies":[{"embeddable":true,"href":"https:\/\/tattoo-healer.com\/pl\/wp-json\/wp\/v2\/comments?post=34522"}],"version-history":[{"count":0,"href":"https:\/\/tattoo-healer.com\/pl\/wp-json\/wp\/v2\/pages\/34522\/revisions"}],"wp:attachment":[{"href":"https:\/\/tattoo-healer.com\/pl\/wp-json\/wp\/v2\/media?parent=34522"}],"curies":[{"name":"wp","href":"https:\/\/api.w.org\/{rel}","templated":true}]}}