{"id":34334,"date":"2025-09-14T12:07:54","date_gmt":"2025-09-14T12:07:54","guid":{"rendered":"https:\/\/tattoo-healer.com\/?page_id=34334"},"modified":"2026-02-02T21:49:42","modified_gmt":"2026-02-02T20:49:42","slug":"delete-data","status":"publish","type":"page","link":"https:\/\/tattoo-healer.com\/sv\/delete-data\/","title":{"rendered":"Radera data"},"content":{"rendered":"<div data-elementor-type=\"wp-page\" data-elementor-id=\"34334\" class=\"elementor elementor-34334\">\n\t\t\t\t\t\t<section class=\"elementor-section elementor-top-section elementor-element elementor-element-4d7381ea elementor-section-boxed elementor-section-height-default elementor-section-height-default sc_fly_static\" data-id=\"4d7381ea\" data-element_type=\"section\" data-e-type=\"section\">\n\t\t\t\t\t\t<div class=\"elementor-container elementor-column-gap-extended\">\n\t\t\t\t\t<div class=\"elementor-column elementor-col-100 elementor-top-column elementor-element elementor-element-9c8a385 sc_content_align_inherit sc_layouts_column_icons_position_left sc_fly_static\" data-id=\"9c8a385\" data-element_type=\"column\" data-e-type=\"column\">\n\t\t\t<div class=\"elementor-widget-wrap elementor-element-populated\">\n\t\t\t\t\t\t<div class=\"elementor-element elementor-element-1bbfed43 sc_fly_static elementor-widget elementor-widget-text-editor\" data-id=\"1bbfed43\" data-element_type=\"widget\" data-e-type=\"widget\" data-widget_type=\"text-editor.default\">\n\t\t\t\t<div class=\"elementor-widget-container\">\n\t\t\t\t\t\t\t\t\t<p><strong>Radera data<\/strong><\/p>\n\n<p><strong>S\u00e5 h\u00e4r tar du bort dina data i appen<\/strong><\/p>\n\n<p>Vi respekterar din integritet och ger dig full kontroll \u00f6ver dina personuppgifter. Om du vill radera endast dina uppgifter samtidigt som du beh\u00e5ller ditt konto aktivt, f\u00f6lj dessa enkla steg:<\/p>\n\n<p><strong>Steg f\u00f6r att radera dina data:<\/strong><\/p>\n<ul>\n  <li><strong>\u00d6ppna appen:<\/strong> Starta appen p\u00e5 din mobila enhet.<\/li>\n  <li><strong>Logga in p\u00e5 ditt konto:<\/strong> Anv\u00e4nd din registrerade e-postadress och l\u00f6senord f\u00f6r att logga in.<\/li>\n  <li><strong>G\u00e5 till Inst\u00e4llningar:<\/strong> Tryck p\u00e5 kugghjulsikonen eller navigera till menyn och v\u00e4lj Inst\u00e4llningar.<\/li>\n  <li><strong>V\u00e4lj kontodata:<\/strong> I Inst\u00e4llningsmenyn trycker du p\u00e5 Kontodata.<\/li>\n  <li><strong>Radera endast data:<\/strong> Tryck p\u00e5 knappen Ta bort endast data. Detta tar bort alla dina personuppgifter fr\u00e5n v\u00e5rt system samtidigt som ditt konto f\u00f6rblir tillg\u00e4ngligt.<\/li>\n<\/ul>\n\n<p><strong>Viktig:<\/strong> Denna \u00e5tg\u00e4rd \u00e4r o\u00e5terkallelig. N\u00e4r dina data har raderats kan de inte \u00e5terst\u00e4llas.<\/p>\n\n<p>F\u00f6r mer information eller f\u00f6r att radera hela ditt konto och dina data, bes\u00f6k v\u00e5r <a href=\"\/sv\/delete-account-and-data\/\">Ta bort konto och data<\/a> sida.<\/p>\n\t\t\t\t\t\t\t\t<\/div>\n\t\t\t\t<\/div>\n\t\t\t\t\t<\/div>\n\t\t<\/div>\n\t\t\t\t\t<\/div>\n\t\t<\/section>\n\t\t\t\t<\/div>","protected":false},"excerpt":{"rendered":"<p>Delete Data How to Delete Your Data in the App We respect your privacy and give you full control over your personal data. If you wish to delete only your&hellip;<\/p>","protected":false},"author":2,"featured_media":0,"parent":0,"menu_order":0,"comment_status":"closed","ping_status":"closed","template":"","meta":{"_monsterinsights_skip_tracking":false,"_monsterinsights_sitenote_active":false,"_monsterinsights_sitenote_note":"","_monsterinsights_sitenote_category":0,"footnotes":""},"class_list":["post-34334","page","type-page","status-publish","hentry"],"yoast_head":"<!-- This site is optimized with the Yoast SEO plugin v27.5 - https:\/\/yoast.com\/product\/yoast-seo-wordpress\/ -->\n<title>Delete Personal Data | Tattoo Healer App Privacy<\/title>\n<meta name=\"description\" content=\"Request data deletion within the Tattoo Healer app. Follow our step-by-step guide to remove your personal data while maintaining account access.\" \/>\n<meta name=\"robots\" content=\"index, follow, max-snippet:-1, max-image-preview:large, max-video-preview:-1\" \/>\n<link rel=\"canonical\" href=\"https:\/\/tattoo-healer.com\/sv\/delete-data\/\" \/>\n<meta property=\"og:locale\" content=\"sv_SE\" \/>\n<meta property=\"og:type\" content=\"article\" \/>\n<meta property=\"og:title\" content=\"Delete Personal Data | Tattoo Healer App Privacy\" \/>\n<meta property=\"og:description\" content=\"Request data deletion within the Tattoo Healer app. Follow our step-by-step guide to remove your personal data while maintaining account access.\" \/>\n<meta property=\"og:url\" content=\"https:\/\/tattoo-healer.com\/sv\/delete-data\/\" \/>\n<meta property=\"og:site_name\" content=\"Tattoo Healer\" \/>\n<meta property=\"article:modified_time\" content=\"2026-02-02T20:49:42+00:00\" \/>\n<meta name=\"twitter:card\" content=\"summary_large_image\" \/>\n<meta name=\"twitter:label1\" content=\"Est. reading time\" \/>\n\t<meta name=\"twitter:data1\" content=\"1 minut\" \/>\n<script type=\"application\/ld+json\" class=\"yoast-schema-graph\">{\"@context\":\"https:\\\/\\\/schema.org\",\"@graph\":[{\"@type\":\"WebPage\",\"@id\":\"https:\\\/\\\/tattoo-healer.com\\\/delete-data\\\/\",\"url\":\"https:\\\/\\\/tattoo-healer.com\\\/delete-data\\\/\",\"name\":\"Delete Personal Data | Tattoo Healer App Privacy\",\"isPartOf\":{\"@id\":\"https:\\\/\\\/tattoo-healer.com\\\/#website\"},\"datePublished\":\"2025-09-14T12:07:54+00:00\",\"dateModified\":\"2026-02-02T20:49:42+00:00\",\"description\":\"Request data deletion within the Tattoo Healer app. Follow our step-by-step guide to remove your personal data while maintaining account access.\",\"breadcrumb\":{\"@id\":\"https:\\\/\\\/tattoo-healer.com\\\/delete-data\\\/#breadcrumb\"},\"inLanguage\":\"sv-SE\",\"potentialAction\":[{\"@type\":\"ReadAction\",\"target\":[\"https:\\\/\\\/tattoo-healer.com\\\/delete-data\\\/\"]}]},{\"@type\":\"BreadcrumbList\",\"@id\":\"https:\\\/\\\/tattoo-healer.com\\\/delete-data\\\/#breadcrumb\",\"itemListElement\":[{\"@type\":\"ListItem\",\"position\":1,\"name\":\"Home\",\"item\":\"https:\\\/\\\/tattoo-healer.com\\\/\"},{\"@type\":\"ListItem\",\"position\":2,\"name\":\"Delete Data\"}]},{\"@type\":\"WebSite\",\"@id\":\"https:\\\/\\\/tattoo-healer.com\\\/#website\",\"url\":\"https:\\\/\\\/tattoo-healer.com\\\/\",\"name\":\"Tattoo Healer\",\"description\":\"Your Artist, Always with You\",\"publisher\":{\"@id\":\"https:\\\/\\\/tattoo-healer.com\\\/#organization\"},\"potentialAction\":[{\"@type\":\"SearchAction\",\"target\":{\"@type\":\"EntryPoint\",\"urlTemplate\":\"https:\\\/\\\/tattoo-healer.com\\\/?s={search_term_string}\"},\"query-input\":{\"@type\":\"PropertyValueSpecification\",\"valueRequired\":true,\"valueName\":\"search_term_string\"}}],\"inLanguage\":\"sv-SE\"},{\"@type\":\"Organization\",\"@id\":\"https:\\\/\\\/tattoo-healer.com\\\/#organization\",\"name\":\"Tattoo Healer\",\"url\":\"https:\\\/\\\/tattoo-healer.com\\\/\",\"logo\":{\"@type\":\"ImageObject\",\"inLanguage\":\"sv-SE\",\"@id\":\"https:\\\/\\\/tattoo-healer.com\\\/#\\\/schema\\\/logo\\\/image\\\/\",\"url\":\"https:\\\/\\\/tattoo-healer.com\\\/wp-content\\\/uploads\\\/2022\\\/06\\\/logo-black-transparent-512-2.png\",\"contentUrl\":\"https:\\\/\\\/tattoo-healer.com\\\/wp-content\\\/uploads\\\/2022\\\/06\\\/logo-black-transparent-512-2.png\",\"width\":500,\"height\":500,\"caption\":\"Tattoo Healer\"},\"image\":{\"@id\":\"https:\\\/\\\/tattoo-healer.com\\\/#\\\/schema\\\/logo\\\/image\\\/\"}}]}<\/script>\n<!-- \/ Yoast SEO plugin. -->","yoast_head_json":{"title":"Radera personuppgifter | Sekretesspolicy f\u00f6r tatueringsl\u00e4kare-appen","description":"Beg\u00e4r radering av data i Tattoo Healer-appen. F\u00f6lj v\u00e5r steg-f\u00f6r-steg-guide f\u00f6r att ta bort dina personuppgifter samtidigt som du beh\u00e5ller \u00e5tkomsten till kontot.","robots":{"index":"index","follow":"follow","max-snippet":"max-snippet:-1","max-image-preview":"max-image-preview:large","max-video-preview":"max-video-preview:-1"},"canonical":"https:\/\/tattoo-healer.com\/sv\/delete-data\/","og_locale":"sv_SE","og_type":"article","og_title":"Delete Personal Data | Tattoo Healer App Privacy","og_description":"Request data deletion within the Tattoo Healer app. Follow our step-by-step guide to remove your personal data while maintaining account access.","og_url":"https:\/\/tattoo-healer.com\/sv\/delete-data\/","og_site_name":"Tattoo Healer","article_modified_time":"2026-02-02T20:49:42+00:00","twitter_card":"summary_large_image","twitter_misc":{"Est. reading time":"1 minut"},"schema":{"@context":"https:\/\/schema.org","@graph":[{"@type":"WebPage","@id":"https:\/\/tattoo-healer.com\/delete-data\/","url":"https:\/\/tattoo-healer.com\/delete-data\/","name":"Radera personuppgifter | Sekretesspolicy f\u00f6r tatueringsl\u00e4kare-appen","isPartOf":{"@id":"https:\/\/tattoo-healer.com\/#website"},"datePublished":"2025-09-14T12:07:54+00:00","dateModified":"2026-02-02T20:49:42+00:00","description":"Beg\u00e4r radering av data i Tattoo Healer-appen. F\u00f6lj v\u00e5r steg-f\u00f6r-steg-guide f\u00f6r att ta bort dina personuppgifter samtidigt som du beh\u00e5ller \u00e5tkomsten till kontot.","breadcrumb":{"@id":"https:\/\/tattoo-healer.com\/delete-data\/#breadcrumb"},"inLanguage":"sv-SE","potentialAction":[{"@type":"ReadAction","target":["https:\/\/tattoo-healer.com\/delete-data\/"]}]},{"@type":"BreadcrumbList","@id":"https:\/\/tattoo-healer.com\/delete-data\/#breadcrumb","itemListElement":[{"@type":"ListItem","position":1,"name":"Home","item":"https:\/\/tattoo-healer.com\/"},{"@type":"ListItem","position":2,"name":"Delete Data"}]},{"@type":"WebSite","@id":"https:\/\/tattoo-healer.com\/#website","url":"https:\/\/tattoo-healer.com\/","name":"Tatueringsl\u00e4kare","description":"Din konstn\u00e4r, alltid med dig","publisher":{"@id":"https:\/\/tattoo-healer.com\/#organization"},"potentialAction":[{"@type":"SearchAction","target":{"@type":"EntryPoint","urlTemplate":"https:\/\/tattoo-healer.com\/?s={search_term_string}"},"query-input":{"@type":"PropertyValueSpecification","valueRequired":true,"valueName":"search_term_string"}}],"inLanguage":"sv-SE"},{"@type":"Organization","@id":"https:\/\/tattoo-healer.com\/#organization","name":"Tatueringsl\u00e4kare","url":"https:\/\/tattoo-healer.com\/","logo":{"@type":"ImageObject","inLanguage":"sv-SE","@id":"https:\/\/tattoo-healer.com\/#\/schema\/logo\/image\/","url":"https:\/\/tattoo-healer.com\/wp-content\/uploads\/2022\/06\/logo-black-transparent-512-2.png","contentUrl":"https:\/\/tattoo-healer.com\/wp-content\/uploads\/2022\/06\/logo-black-transparent-512-2.png","width":500,"height":500,"caption":"Tattoo Healer"},"image":{"@id":"https:\/\/tattoo-healer.com\/#\/schema\/logo\/image\/"}}]}},"_links":{"self":[{"href":"https:\/\/tattoo-healer.com\/sv\/wp-json\/wp\/v2\/pages\/34334","targetHints":{"allow":["GET"]}}],"collection":[{"href":"https:\/\/tattoo-healer.com\/sv\/wp-json\/wp\/v2\/pages"}],"about":[{"href":"https:\/\/tattoo-healer.com\/sv\/wp-json\/wp\/v2\/types\/page"}],"author":[{"embeddable":true,"href":"https:\/\/tattoo-healer.com\/sv\/wp-json\/wp\/v2\/users\/2"}],"replies":[{"embeddable":true,"href":"https:\/\/tattoo-healer.com\/sv\/wp-json\/wp\/v2\/comments?post=34334"}],"version-history":[{"count":0,"href":"https:\/\/tattoo-healer.com\/sv\/wp-json\/wp\/v2\/pages\/34334\/revisions"}],"wp:attachment":[{"href":"https:\/\/tattoo-healer.com\/sv\/wp-json\/wp\/v2\/media?parent=34334"}],"curies":[{"name":"wp","href":"https:\/\/api.w.org\/{rel}","templated":true}]}}